{"id":1580,"date":"2024-01-11T13:26:19","date_gmt":"2024-01-11T13:26:19","guid":{"rendered":"https:\/\/icepol.is\/allgemeine-geschaeftsbedingungen\/"},"modified":"2024-12-06T17:54:54","modified_gmt":"2024-12-06T17:54:54","slug":"allgemeine-geschaeftsbedingungen","status":"publish","type":"page","link":"https:\/\/icepol.is\/de\/allgemeine-geschaeftsbedingungen\/","title":{"rendered":"Allgemeine Gesch\u00e4ftsbedingungen"},"content":{"rendered":"<div class=\"fusion-fullwidth fullwidth-box fusion-builder-row-1 fusion-flex-container fusion-parallax-none nonhundred-percent-fullwidth non-hundred-percent-height-scrolling\" style=\"--link_hover_color: #fa9769;--link_color: #fa9769;--awb-border-sizes-top:0;--awb-border-sizes-bottom:0px;--awb-border-sizes-left:0px;--awb-border-sizes-right:0px;--awb-border-color:#d1d1d1;--awb-border-radius-top-left:0px;--awb-border-radius-top-right:0px;--awb-border-radius-bottom-right:0px;--awb-border-radius-bottom-left:0px;--awb-padding-top:80px;--awb-padding-right:30px;--awb-padding-bottom:80px;--awb-padding-left:30px;--awb-padding-top-small:30px;--awb-margin-bottom:0px;--awb-background-color:#00161e;--awb-background-image:url(&quot;https:\/\/icepol.is\/wp-content\/uploads\/2024\/01\/icepol_slider-keys-car-rental-iceland.jpg&quot;);--awb-background-size:cover;--awb-flex-wrap:wrap;\" ><div class=\"fusion-builder-row fusion-row fusion-flex-align-items-center fusion-flex-justify-content-center fusion-flex-content-wrap\" style=\"max-width:1248px;margin-left: calc(-4% \/ 2 );margin-right: calc(-4% \/ 2 );\"><div class=\"fusion-layout-column fusion_builder_column fusion-builder-column-0 fusion_builder_column_1_1 1_1 fusion-flex-column fusion-flex-align-self-flex-start\" style=\"--awb-bg-size:cover;--awb-width-large:100%;--awb-margin-top-large:120px;--awb-spacing-right-large:1.92%;--awb-margin-bottom-large:120px;--awb-spacing-left-large:1.92%;--awb-width-medium:100%;--awb-order-medium:0;--awb-spacing-right-medium:1.92%;--awb-spacing-left-medium:1.92%;--awb-width-small:100%;--awb-order-small:0;--awb-spacing-right-small:1.92%;--awb-spacing-left-small:1.92%;\"><div class=\"fusion-column-wrapper fusion-column-has-shadow fusion-flex-justify-content-center fusion-content-layout-column\"><div class=\"fusion-title title fusion-title-1 fusion-sep-none fusion-title-center fusion-title-text fusion-title-size-one\" style=\"--awb-text-color:#ffffff;\"><h1 class=\"fusion-title-heading title-heading-center\" style=\"margin:0;\">Allgemeine Gesch\u00e4ftsbedingungen<\/h1><\/div><\/div><\/div><\/div><\/div><div class=\"fusion-fullwidth fullwidth-box fusion-builder-row-2 fusion-flex-container nonhundred-percent-fullwidth non-hundred-percent-height-scrolling\" style=\"--awb-border-radius-top-left:0px;--awb-border-radius-top-right:0px;--awb-border-radius-bottom-right:0px;--awb-border-radius-bottom-left:0px;--awb-background-image:linear-gradient(180deg, var(--awb-color1) 0%,var(--awb-color1) 100%);--awb-flex-wrap:wrap;\" ><div class=\"fusion-builder-row fusion-row fusion-flex-align-items-flex-start fusion-flex-content-wrap\" style=\"max-width:1248px;margin-left: calc(-4% \/ 2 );margin-right: calc(-4% \/ 2 );\"><div class=\"fusion-layout-column fusion_builder_column fusion-builder-column-1 fusion_builder_column_1_1 1_1 fusion-flex-column\" style=\"--awb-bg-blend:overlay;--awb-bg-size:cover;--awb-width-large:100%;--awb-margin-top-large:0px;--awb-spacing-right-large:1.92%;--awb-margin-bottom-large:0px;--awb-spacing-left-large:1.92%;--awb-width-medium:100%;--awb-spacing-right-medium:1.92%;--awb-spacing-left-medium:1.92%;--awb-width-small:100%;--awb-spacing-right-small:1.92%;--awb-spacing-left-small:1.92%;\"><div class=\"fusion-column-wrapper fusion-flex-justify-content-flex-start fusion-content-layout-column\"><div class=\"fusion-text fusion-text-1\"><h3>Allgemeine Gesch\u00e4ftsbedingungen<\/h3>\n<p>Diese Allgemeinen Gesch\u00e4ftsbedingungen enthalten detaillierte Bestimmungen \u00fcber Vertr\u00e4ge \u00fcber die Vermietung von Fahrzeugen mit IcePole Car Rental (Icepole Car Rental ehf.) \u2013 Id: 521011-0410 \u2013 USt-IdNr.: 119112 \u2013 Su\u00f0urbraut 890, 262 Keflav\u00edk, Islandia \u2013 Tel: + (354) 869-1887 ; + (354) 777-5600 und gilt f\u00fcr alle Fahrzeugmietvertr\u00e4ge.<\/p>\n<h3>Abhol- und Abgabeort<\/h3>\n<p>Nach Ablauf der Mietzeit hat der Mieter das gemietete Fahrzeug an demselben Ort zur\u00fcckzugeben, an dem das Fahrzeug abgeholt wurde.<\/p>\n<p>Bei R\u00fcckgabe in einen anderen Bereich der Autovermietung als IcePole kann der Kunde uns 24\/7 unter Handy + 3548691887 kontaktieren.<\/p>\n<h3>Kraftstofftank<\/h3>\n<p>Bei der Abholung und R\u00fcckgabe muss der Kraftstofftank des Mietwagens voll sein.\nF\u00fcr die fehlenden Liter berechnen wir dem Mieter ein Guthaben <\/p>\n<h3>Kindersitze<\/h3>\n<p>In Island ist es f\u00fcr Kleinkinder obligatorisch, in einem Fahrzeug in Sicherheitssitzen zu reisen.\nKindersitze sind auf Vorbestellung erh\u00e4ltlich.\nDiese Kindersitze sind f\u00fcr Kinder im Alter von 6 Monaten bis 4 Jahren oder \u00e4lter geeignet.  <\/p>\n<h3>Stornierungs- und Reservierungsbedingungen<\/h3>\n<p>Die Stornierung ist kostenlos.\n\ud83d\ude42 <\/p>\n<h3>Versicherung<\/h3>\n<p>Die Haftpflicht gegen\u00fcber Dritten entspricht jeweils dem vom isl\u00e4ndischen Recht festgelegten Betrag.\nDas Gesetz gilt auch f\u00fcr die H\u00f6he der pers\u00f6nlichen Schuld des Fahrers.\nIn Ihrer Anmietung sind eine Haftpflichtversicherung und eine Unfallversicherung enthalten.  <\/p>\n<p><b>VOLLKASKOVERSICHERUNG (CDW)<\/b><\/p>\n<p>Die CDW-Versicherung ist im Preis inbegriffen, die Fahrerhaftpflicht betr\u00e4gt mehr als ISK 0,- f\u00fcr 2WD und 0,- f\u00fcr 4WD.\nHat der Mieter bereits eine CDW-Versicherung abgeschlossen, kann er eine SCDW-Versicherung abschlie\u00dfen und so das Selbstrisiko der CDW auf ISK senken.\n0- auf 2WD und ISK.\n0- f\u00fcr 4WD (Vorerst ist die SCDW im Mietpreis enthalten).   <\/p>\n<p>Der Mieter ist immer f\u00fcr die folgenden Sch\u00e4den verantwortlich, die nicht durch die CDW- oder SCDW-Versicherung abgedeckt sind:<\/p>\n<p>Fahrl\u00e4ssigkeit, Fahren unter Alkoholeinfluss, Sch\u00e4den an Reifen, Scheinwerfern, Windschutzscheibe und Unterseite des Autos, Sch\u00e4den durch lose Steine, die auf Schotterstra\u00dfen auf das Auto geworfen werden, Sch\u00e4den am Motor des Autos, die durch das Eindringen von Wasser in den Motor verursacht wurden.\n(Bitte beachten Sie die vollst\u00e4ndigen Details auf der R\u00fcckseite des Mietvertrags). <\/p>\n<p><b>SCHOTTERSCHUTZ<\/b><\/p>\n<p>Dieser Schutz umfasst Sch\u00e4den an der Windschutzscheibe, den Scheinwerfern und dem Auto, wenn Kies oder Steine von einem anderen Auto auf das Fahrzeug geworfen werden.\n(Im Moment ist der GP (Gravel Protection) im Mietpreis enthalten) <\/p>\n<h3>Diebstahlschutz<\/h3>\n<p>TP deckt den Diebstahl des Mietfahrzeugs ab.\n(Im Moment ist der TP im Mietvertrag enthalten) <\/p>\n<h3>Der Fahrer haftet f\u00fcr Sch\u00e4den:<\/h3>\n<p>- \u00dcberqueren von Fl\u00fcssen<\/p>\n<p>- Reifensch\u00e4den<\/p>\n<p>- Fahrgestelle f\u00fcr Autos<\/p>\n<h3>SOFORTHILFE<\/h3>\n<p><b>Rufen Sie 112<\/b> an<\/p>\n<p>Aufschl\u00fcsselung des Service: 24-Stunden-Anruf + (354) 869-1887.<\/p>\n<h2 class=\"fusion-responsive-typography-calculated\" style=\"--fontsize: 54; line-height: 1.2;\" data-fontsize=\"54\" data-lineheight=\"64.80000305175781px\"><\/h2><\/p>\n<\/div><\/div><\/div><\/div><\/div><!-- \/wp:post-content -->","protected":false},"excerpt":{"rendered":"","protected":false},"author":1,"featured_media":0,"parent":0,"menu_order":0,"comment_status":"closed","ping_status":"closed","template":"100-width.php","meta":{"footnotes":""},"class_list":["post-1580","page","type-page","status-publish","hentry"],"yoast_head":"<!-- This site is optimized with the Yoast SEO Premium plugin v24.5 (Yoast SEO v27.1.1) - https:\/\/yoast.com\/product\/yoast-seo-premium-wordpress\/ -->\n<title>Allgemeine Gesch\u00e4ftsbedingungen - Icepol<\/title>\n<meta name=\"robots\" content=\"index, follow, max-snippet:-1, max-image-preview:large, max-video-preview:-1\" \/>\n<link rel=\"canonical\" href=\"https:\/\/icepol.is\/de\/allgemeine-geschaeftsbedingungen\/\" \/>\n<meta property=\"og:locale\" content=\"de_DE\" \/>\n<meta property=\"og:type\" content=\"article\" \/>\n<meta property=\"og:title\" content=\"Allgemeine Gesch\u00e4ftsbedingungen\" \/>\n<meta property=\"og:url\" content=\"https:\/\/icepol.is\/de\/allgemeine-geschaeftsbedingungen\/\" \/>\n<meta property=\"og:site_name\" content=\"Icepol\" \/>\n<meta property=\"article:publisher\" content=\"https:\/\/www.facebook.com\/icelandcarrentalicepol\" \/>\n<meta property=\"article:modified_time\" content=\"2024-12-06T17:54:54+00:00\" \/>\n<meta property=\"og:image\" content=\"https:\/\/icepol.is\/wp-content\/uploads\/2024\/04\/logo-web-seo.jpg\" \/>\n\t<meta property=\"og:image:width\" content=\"2500\" \/>\n\t<meta property=\"og:image:height\" content=\"1406\" \/>\n\t<meta property=\"og:image:type\" content=\"image\/jpeg\" \/>\n<meta name=\"twitter:card\" content=\"summary_large_image\" \/>\n<meta name=\"twitter:label1\" content=\"Gesch\u00e4tzte Lesezeit\" \/>\n\t<meta name=\"twitter:data1\" content=\"6\u00a0Minuten\" \/>\n<script type=\"application\/ld+json\" class=\"yoast-schema-graph\">{\"@context\":\"https:\/\/schema.org\",\"@graph\":[{\"@type\":\"WebPage\",\"@id\":\"https:\/\/icepol.is\/de\/allgemeine-geschaeftsbedingungen\/\",\"url\":\"https:\/\/icepol.is\/de\/allgemeine-geschaeftsbedingungen\/\",\"name\":\"Allgemeine Gesch\u00e4ftsbedingungen - Icepol\",\"isPartOf\":{\"@id\":\"https:\/\/icepol.is\/de\/#website\"},\"datePublished\":\"2024-01-11T13:26:19+00:00\",\"dateModified\":\"2024-12-06T17:54:54+00:00\",\"breadcrumb\":{\"@id\":\"https:\/\/icepol.is\/de\/allgemeine-geschaeftsbedingungen\/#breadcrumb\"},\"inLanguage\":\"de\",\"potentialAction\":[{\"@type\":\"ReadAction\",\"target\":[\"https:\/\/icepol.is\/de\/allgemeine-geschaeftsbedingungen\/\"]}]},{\"@type\":\"BreadcrumbList\",\"@id\":\"https:\/\/icepol.is\/de\/allgemeine-geschaeftsbedingungen\/#breadcrumb\",\"itemListElement\":[{\"@type\":\"ListItem\",\"position\":1,\"name\":\"Home\",\"item\":\"https:\/\/icepol.is\/de\/\"},{\"@type\":\"ListItem\",\"position\":2,\"name\":\"Allgemeine Gesch\u00e4ftsbedingungen\"}]},{\"@type\":\"WebSite\",\"@id\":\"https:\/\/icepol.is\/de\/#website\",\"url\":\"https:\/\/icepol.is\/de\/\",\"name\":\"Icepol\",\"description\":\"Car rental in Iceland\",\"publisher\":{\"@id\":\"https:\/\/icepol.is\/de\/#organization\"},\"potentialAction\":[{\"@type\":\"SearchAction\",\"target\":{\"@type\":\"EntryPoint\",\"urlTemplate\":\"https:\/\/icepol.is\/de\/?s={search_term_string}\"},\"query-input\":{\"@type\":\"PropertyValueSpecification\",\"valueRequired\":true,\"valueName\":\"search_term_string\"}}],\"inLanguage\":\"de\"},{\"@type\":\"Organization\",\"@id\":\"https:\/\/icepol.is\/de\/#organization\",\"name\":\"Icepol\",\"url\":\"https:\/\/icepol.is\/de\/\",\"logo\":{\"@type\":\"ImageObject\",\"inLanguage\":\"de\",\"@id\":\"https:\/\/icepol.is\/de\/#\/schema\/logo\/image\/\",\"url\":\"https:\/\/icepol.is\/wp-content\/uploads\/2024\/01\/Icepol-logotype-blue.png\",\"contentUrl\":\"https:\/\/icepol.is\/wp-content\/uploads\/2024\/01\/Icepol-logotype-blue.png\",\"width\":4500,\"height\":4500,\"caption\":\"Icepol\"},\"image\":{\"@id\":\"https:\/\/icepol.is\/de\/#\/schema\/logo\/image\/\"},\"sameAs\":[\"https:\/\/www.facebook.com\/icelandcarrentalicepol\",\"https:\/\/www.instagram.com\/icepol_car_rental\/\"],\"description\":\"Icepol car rental is renting cars and motorhomes in Iceland for travellers and adventurers coming to visit Iceland.\",\"email\":\"carrental@icepole.eu\",\"telephone\":\"+3548691887\",\"legalName\":\"Icepol Car Rental\"}]}<\/script>\n<!-- \/ Yoast SEO Premium plugin. -->","yoast_head_json":{"title":"Allgemeine Gesch\u00e4ftsbedingungen - Icepol","robots":{"index":"index","follow":"follow","max-snippet":"max-snippet:-1","max-image-preview":"max-image-preview:large","max-video-preview":"max-video-preview:-1"},"canonical":"https:\/\/icepol.is\/de\/allgemeine-geschaeftsbedingungen\/","og_locale":"de_DE","og_type":"article","og_title":"Allgemeine Gesch\u00e4ftsbedingungen","og_url":"https:\/\/icepol.is\/de\/allgemeine-geschaeftsbedingungen\/","og_site_name":"Icepol","article_publisher":"https:\/\/www.facebook.com\/icelandcarrentalicepol","article_modified_time":"2024-12-06T17:54:54+00:00","og_image":[{"width":2500,"height":1406,"url":"https:\/\/icepol.is\/wp-content\/uploads\/2024\/04\/logo-web-seo.jpg","type":"image\/jpeg"}],"twitter_card":"summary_large_image","twitter_misc":{"Gesch\u00e4tzte Lesezeit":"6\u00a0Minuten"},"schema":{"@context":"https:\/\/schema.org","@graph":[{"@type":"WebPage","@id":"https:\/\/icepol.is\/de\/allgemeine-geschaeftsbedingungen\/","url":"https:\/\/icepol.is\/de\/allgemeine-geschaeftsbedingungen\/","name":"Allgemeine Gesch\u00e4ftsbedingungen - Icepol","isPartOf":{"@id":"https:\/\/icepol.is\/de\/#website"},"datePublished":"2024-01-11T13:26:19+00:00","dateModified":"2024-12-06T17:54:54+00:00","breadcrumb":{"@id":"https:\/\/icepol.is\/de\/allgemeine-geschaeftsbedingungen\/#breadcrumb"},"inLanguage":"de","potentialAction":[{"@type":"ReadAction","target":["https:\/\/icepol.is\/de\/allgemeine-geschaeftsbedingungen\/"]}]},{"@type":"BreadcrumbList","@id":"https:\/\/icepol.is\/de\/allgemeine-geschaeftsbedingungen\/#breadcrumb","itemListElement":[{"@type":"ListItem","position":1,"name":"Home","item":"https:\/\/icepol.is\/de\/"},{"@type":"ListItem","position":2,"name":"Allgemeine Gesch\u00e4ftsbedingungen"}]},{"@type":"WebSite","@id":"https:\/\/icepol.is\/de\/#website","url":"https:\/\/icepol.is\/de\/","name":"Icepol","description":"Car rental in Iceland","publisher":{"@id":"https:\/\/icepol.is\/de\/#organization"},"potentialAction":[{"@type":"SearchAction","target":{"@type":"EntryPoint","urlTemplate":"https:\/\/icepol.is\/de\/?s={search_term_string}"},"query-input":{"@type":"PropertyValueSpecification","valueRequired":true,"valueName":"search_term_string"}}],"inLanguage":"de"},{"@type":"Organization","@id":"https:\/\/icepol.is\/de\/#organization","name":"Icepol","url":"https:\/\/icepol.is\/de\/","logo":{"@type":"ImageObject","inLanguage":"de","@id":"https:\/\/icepol.is\/de\/#\/schema\/logo\/image\/","url":"https:\/\/icepol.is\/wp-content\/uploads\/2024\/01\/Icepol-logotype-blue.png","contentUrl":"https:\/\/icepol.is\/wp-content\/uploads\/2024\/01\/Icepol-logotype-blue.png","width":4500,"height":4500,"caption":"Icepol"},"image":{"@id":"https:\/\/icepol.is\/de\/#\/schema\/logo\/image\/"},"sameAs":["https:\/\/www.facebook.com\/icelandcarrentalicepol","https:\/\/www.instagram.com\/icepol_car_rental\/"],"description":"Icepol car rental is renting cars and motorhomes in Iceland for travellers and adventurers coming to visit Iceland.","email":"carrental@icepole.eu","telephone":"+3548691887","legalName":"Icepol Car Rental"}]}},"_links":{"self":[{"href":"https:\/\/icepol.is\/de\/wp-json\/wp\/v2\/pages\/1580","targetHints":{"allow":["GET"]}}],"collection":[{"href":"https:\/\/icepol.is\/de\/wp-json\/wp\/v2\/pages"}],"about":[{"href":"https:\/\/icepol.is\/de\/wp-json\/wp\/v2\/types\/page"}],"author":[{"embeddable":true,"href":"https:\/\/icepol.is\/de\/wp-json\/wp\/v2\/users\/1"}],"replies":[{"embeddable":true,"href":"https:\/\/icepol.is\/de\/wp-json\/wp\/v2\/comments?post=1580"}],"version-history":[{"count":11,"href":"https:\/\/icepol.is\/de\/wp-json\/wp\/v2\/pages\/1580\/revisions"}],"predecessor-version":[{"id":1602,"href":"https:\/\/icepol.is\/de\/wp-json\/wp\/v2\/pages\/1580\/revisions\/1602"}],"wp:attachment":[{"href":"https:\/\/icepol.is\/de\/wp-json\/wp\/v2\/media?parent=1580"}],"curies":[{"name":"wp","href":"https:\/\/api.w.org\/{rel}","templated":true}]}}